{"id":123,"date":"2019-05-02T06:22:19","date_gmt":"2019-05-02T06:22:19","guid":{"rendered":"https:\/\/wernernowak.de\/?page_id=123"},"modified":"2024-02-06T16:07:17","modified_gmt":"2024-02-06T16:07:17","slug":"impressum","status":"publish","type":"page","link":"https:\/\/wernernowak.de\/?page_id=123","title":{"rendered":"Impressum"},"content":{"rendered":"\n<div class=\"wp-block-columns is-layout-flex wp-container-core-columns-is-layout-9d6595d7 wp-block-columns-is-layout-flex\">\n<div class=\"wp-block-column is-layout-flow wp-block-column-is-layout-flow\">\n<p class=\"has-large-font-size\">Impressum<\/p>\n\n\n\n<p>werner nowak \u2013 planungsb\u00fcro<\/p>\n\n\n\n<p>Riehler G\u00fcrtel 37<\/p>\n\n\n\n<p>50735 K\u00f6ln<\/p>\n\n\n\n<p>telefon 0221.2870901<\/p>\n\n\n\n<p>fax 0221.2870903<\/p>\n\n\n\n<p>Email: buero@wernernowak.de<\/p>\n\n\n\n<p>Inhaber: Werner Nowak<\/p>\n\n\n\n<p>Ust Ident Nr: DE122727783<\/p>\n\n\n\n<p>Berufsrechtliche Grundlagen\/ zust\u00e4ndige Kammer<br>Architektenkammer Nordrhein-Westfalen<br>K\u00f6rperschaft des \u00f6ffentlichen Rechts<br>Zollhof 1<br>40221 D\u00fcsseldorf<br>Fon: +49.(0)211.49 67-0<br>Fax: +49.(0)211.49 67-99<br>E-Mail: info@aknw.de<br>Internet: www.aknw.de<\/p>\n\n\n\n<p>Gesetzliche Grundlage f\u00fcr die Arbeit der Architektenkammer Nordrhein-Westfalen sind das Baukammerngesetz des Landes NRW und die Durchf\u00fchrungsverordnung zum Baukammerngesetz. Die Satzung der Architektenkammer NRW ebenso wie alle anderen berufsrechtlichen Regelungen finden Sie \u00fcber die Internetseiten der AKNW: www .aknw.de<\/p>\n\n\n\n<p>Haftungshinweis<br>Wir \u00fcbernehmen keine Haftung f\u00fcr die Inhalte externer Links.<br>F\u00fcr den Inhalt der verlinkten Seiten sind ausschlie\u00dflich deren Betreiber verantwortlich.<\/p>\n\n\n\n<p>Die durch den Seitenbetreiber erstellten Inhalte unterliegen dem deutschen Urheberrecht. S\u00e4mtliche angebotenen Informationen d\u00fcrfen \u2013 auch auszugsweise \u2013 nur mit schriftlicher Genehmigung von Werner Nowak weiterverbreitet oder anderweitig ver\u00f6ffentlicht werden.<br>Es ist keinesfalls gestattet, die abgerufenen Informationen online oder auf andere Medien weiterzuverbreiten oder komerziell zu nutzen!<\/p>\n\n\n\n<p>Verantwortlich f\u00fcr den Inhalt gem. Abs. 3 MDStV.<br>Werner Nowak<\/p>\n<\/div>\n<\/div>\n","protected":false},"excerpt":{"rendered":"<p>Impressum werner nowak \u2013 planungsb\u00fcro Riehler G\u00fcrtel 37 50735 K\u00f6ln telefon 0221.2870901 fax 0221.2870903 Email: buero@wernernowak.de Inhaber: Werner Nowak Ust Ident Nr: DE122727783 Berufsrechtliche Grundlagen\/ zust\u00e4ndige KammerArchitektenkammer Nordrhein-WestfalenK\u00f6rperschaft des \u00f6ffentlichen RechtsZollhof 140221 D\u00fcsseldorfFon: +49.(0)211.49 67-0Fax: +49.(0)211.49 67-99E-Mail: info@aknw.deInternet: www.aknw.de Gesetzliche Grundlage f\u00fcr die Arbeit der Architektenkammer Nordrhein-Westfalen sind das Baukammerngesetz des Landes NRW und die [&hellip;]<\/p>\n","protected":false},"author":1,"featured_media":0,"parent":0,"menu_order":0,"comment_status":"closed","ping_status":"closed","template":"","meta":{"footnotes":""},"class_list":["post-123","page","type-page","status-publish","hentry"],"_links":{"self":[{"href":"https:\/\/wernernowak.de\/index.php?rest_route=\/wp\/v2\/pages\/123","targetHints":{"allow":["GET"]}}],"collection":[{"href":"https:\/\/wernernowak.de\/index.php?rest_route=\/wp\/v2\/pages"}],"about":[{"href":"https:\/\/wernernowak.de\/index.php?rest_route=\/wp\/v2\/types\/page"}],"author":[{"embeddable":true,"href":"https:\/\/wernernowak.de\/index.php?rest_route=\/wp\/v2\/users\/1"}],"replies":[{"embeddable":true,"href":"https:\/\/wernernowak.de\/index.php?rest_route=%2Fwp%2Fv2%2Fcomments&post=123"}],"version-history":[{"count":8,"href":"https:\/\/wernernowak.de\/index.php?rest_route=\/wp\/v2\/pages\/123\/revisions"}],"predecessor-version":[{"id":331,"href":"https:\/\/wernernowak.de\/index.php?rest_route=\/wp\/v2\/pages\/123\/revisions\/331"}],"wp:attachment":[{"href":"https:\/\/wernernowak.de\/index.php?rest_route=%2Fwp%2Fv2%2Fmedia&parent=123"}],"curies":[{"name":"wp","href":"https:\/\/api.w.org\/{rel}","templated":true}]}}